{"id":401,"date":"2022-05-21T00:00:23","date_gmt":"2022-05-20T22:00:23","guid":{"rendered":"https:\/\/mlck.pl\/contact\/"},"modified":"2023-09-19T13:57:15","modified_gmt":"2023-09-19T11:57:15","slug":"kontakt","status":"publish","type":"page","link":"https:\/\/mlck.pl\/en\/kontakt\/","title":{"rendered":"CONTACT"},"content":{"rendered":"<div data-elementor-type=\"wp-post\" data-elementor-id=\"401\" class=\"elementor elementor-401\">\n\t\t\t\t\t\t<section class=\"elementor-section elementor-top-section elementor-element elementor-element-1e510346 elementor-section-full_width elementor-section-height-min-height elementor-section-items-bottom elementor-section-height-default\" data-id=\"1e510346\" data-element_type=\"section\" data-e-type=\"section\" data-settings=\"{&quot;background_background&quot;:&quot;classic&quot;}\">\n\t\t\t\t\t\t<div class=\"elementor-container elementor-column-gap-default\">\n\t\t\t\t\t<div class=\"elementor-column elementor-col-100 elementor-top-column elementor-element elementor-element-54dcaf95\" data-id=\"54dcaf95\" data-element_type=\"column\" data-e-type=\"column\">\n\t\t\t<div class=\"elementor-widget-wrap elementor-element-populated\">\n\t\t\t\t\t\t<div class=\"elementor-element elementor-element-77565b8 elementor-widget elementor-widget-heading\" data-id=\"77565b8\" data-element_type=\"widget\" data-e-type=\"widget\" data-widget_type=\"heading.default\">\n\t\t\t\t<div class=\"elementor-widget-container\">\n\t\t\t\t\t<h2 class=\"elementor-heading-title elementor-size-default\">CONTACT<\/h2>\t\t\t\t<\/div>\n\t\t\t\t<\/div>\n\t\t\t\t\t<\/div>\n\t\t<\/div>\n\t\t\t\t\t<\/div>\n\t\t<\/section>\n\t\t\t\t<section class=\"elementor-section elementor-top-section elementor-element elementor-element-6bed151 elementor-section-full_width elementor-section-height-default elementor-section-height-default\" data-id=\"6bed151\" data-element_type=\"section\" data-e-type=\"section\">\n\t\t\t\t\t\t<div class=\"elementor-container elementor-column-gap-default\">\n\t\t\t\t\t<div class=\"elementor-column elementor-col-50 elementor-top-column elementor-element elementor-element-2f52a63\" data-id=\"2f52a63\" data-element_type=\"column\" data-e-type=\"column\">\n\t\t\t<div class=\"elementor-widget-wrap elementor-element-populated\">\n\t\t\t\t\t\t<div class=\"elementor-element elementor-element-981697b fluentform-widget-submit-button-custom elementor-widget elementor-widget-fluent-form-widget\" data-id=\"981697b\" data-element_type=\"widget\" data-e-type=\"widget\" data-widget_type=\"fluent-form-widget.default\">\n\t\t\t\t<div class=\"elementor-widget-container\">\n\t\t\t\t\t\n            <div class=\"fluentform-widget-wrapper hide-placeholder fluentform-widget-align-center\">\n\n            \n            <div class='fluentform ff-default fluentform_wrapper_4 ffs_default_wrap'><form data-form_id=\"4\" id=\"fluentform_4\" class=\"frm-fluent-form fluent_form_4 ff-el-form-top ff_form_instance_4_1 ff-form-loading ff_has_v3_recptcha ffs_default\" data-form_instance=\"ff_form_instance_4_1\" method=\"POST\" data-recptcha_key=\"6LfLjY0nAAAAAKyQq3rwMXbe405QlIdTkhiQkIyA\" action=\"\" ><fieldset  style=\"border: none!important;margin: 0!important;padding: 0!important;background-color: transparent!important;box-shadow: none!important;outline: none!important; min-inline-size: 100%;\">\n                    <legend class=\"ff_screen_reader_title\" style=\"display: block; margin: 0!important;padding: 0!important;height: 0!important;text-indent: -999999px;width: 0!important;overflow:hidden;\">formularz kontaktovy<\/legend><input type='hidden' name='__fluent_form_embded_post_id' value='401' \/><input type=\"hidden\" id=\"_fluentform_4_fluentformnonce\" name=\"_fluentform_4_fluentformnonce\" value=\"a1760b76a5\" \/><input type=\"hidden\" name=\"_wp_http_referer\" value=\"\/en\/wp-json\/wp\/v2\/pages\/401\" \/><div class='ff-el-group'><div class=\"ff-el-input--label ff-el-is-required\"><label for='ff_4_input_text' id='label_ff_4_input_text' aria-label=\"Name\">Name<\/label><\/div><div class='ff-el-input--content'><input type=\"text\" name=\"input_text\" class=\"ff-el-form-control\" maxlength=\"50\" data-name=\"input_text\" id=\"ff_4_input_text\"  aria-invalid=\"false\" aria-required=\"true\"><\/div><\/div><div class='ff-el-group'><div class=\"ff-el-input--label ff-el-is-required\"><label for='ff_4_email' id='label_ff_4_email' aria-label=\"Email\">Email<\/label><\/div><div class='ff-el-input--content'><input type=\"email\" name=\"email\" id=\"ff_4_email\" class=\"ff-el-form-control\" data-name=\"email\"  aria-invalid=\"false\" aria-required=\"true\"><\/div><\/div><div class='ff-el-group'><div class=\"ff-el-input--label ff-el-is-required\"><label for='ff_4_message_1' id='label_ff_4_message_1' aria-label=\"Message\">Message<\/label><\/div><div class='ff-el-input--content'><textarea aria-required=\"true\" aria-labelledby=\"label_ff_4_message_1\" name=\"message_1\" id=\"ff_4_message_1\" class=\"ff-el-form-control\" rows=\"12\" cols=\"2\" maxlength=\"2000\" data-name=\"message_1\" ><\/textarea><\/div><\/div><div class='ff-el-group ff-text-left ff_submit_btn_wrapper'><button type=\"submit\" class=\"ff-btn ff-btn-submit ff-btn-md ff_btn_style\"  aria-label=\"SEND\">SEND<\/button><\/div><\/fieldset><input type=\"hidden\" name=\"trp-form-language\" value=\"en\"\/><\/form><div id='fluentform_4_errors' class='ff-errors-in-stack ff_form_instance_4_1 ff-form-loading_errors ff_form_instance_4_1_errors'><\/div><\/div>            <script type=\"text\/javascript\">\n                window.fluent_form_ff_form_instance_4_1 = {\"id\":\"4\",\"ajaxUrl\":\"https:\\\/\\\/mlck.pl\\\/wp-admin\\\/admin-ajax.php\",\"settings\":{\"layout\":{\"labelPlacement\":\"top\",\"helpMessagePlacement\":\"with_label\",\"errorMessagePlacement\":\"inline\",\"asteriskPlacement\":\"\"},\"id\":\"39\",\"restrictions\":{\"denyEmptySubmission\":{\"enabled\":false}}},\"form_instance\":\"ff_form_instance_4_1\",\"form_id_selector\":\"fluentform_4\",\"rules\":{\"input_text\":{\"required\":{\"value\":true,\"message\":\"To pole jest wymagane.\"}},\"email\":{\"required\":{\"value\":true,\"message\":\"To pole jest wymagane\"},\"email\":{\"value\":true,\"message\":\"Taki email nie istnieje\"}},\"message_1\":{\"required\":{\"value\":true,\"message\":\"To pole jest wymagane\"}},\"g-recaptcha-response\":[]},\"debounce_time\":300};\n                            <\/script>\n                        <\/div>\n\n            \t\t\t\t<\/div>\n\t\t\t\t<\/div>\n\t\t\t\t\t<\/div>\n\t\t<\/div>\n\t\t\t\t<div class=\"elementor-column elementor-col-50 elementor-top-column elementor-element elementor-element-e93ad75 elementor-hidden-mobile\" data-id=\"e93ad75\" data-element_type=\"column\" data-e-type=\"column\" data-settings=\"{&quot;background_background&quot;:&quot;slideshow&quot;,&quot;background_slideshow_gallery&quot;:[{&quot;id&quot;:26377,&quot;url&quot;:&quot;https:\\\/\\\/mlck.pl\\\/wp-content\\\/uploads\\\/2022\\\/06\\\/yacht-4-scaled.jpg&quot;},{&quot;id&quot;:27576,&quot;url&quot;:&quot;https:\\\/\\\/mlck.pl\\\/wp-content\\\/uploads\\\/2023\\\/08\\\/IMG_8399.jpg&quot;},{&quot;id&quot;:26228,&quot;url&quot;:&quot;https:\\\/\\\/mlck.pl\\\/wp-content\\\/uploads\\\/2022\\\/06\\\/pic-1-scaled.jpg&quot;},{&quot;id&quot;:27226,&quot;url&quot;:&quot;https:\\\/\\\/mlck.pl\\\/wp-content\\\/uploads\\\/2022\\\/06\\\/F1-Monza-2022-227-scaled.jpg&quot;},{&quot;id&quot;:26250,&quot;url&quot;:&quot;https:\\\/\\\/mlck.pl\\\/wp-content\\\/uploads\\\/2022\\\/06\\\/PSTV_144-scaled.jpg&quot;},{&quot;id&quot;:27559,&quot;url&quot;:&quot;https:\\\/\\\/mlck.pl\\\/wp-content\\\/uploads\\\/2023\\\/08\\\/IMG_7685-Edit-scaled.jpg&quot;},{&quot;id&quot;:26403,&quot;url&quot;:&quot;https:\\\/\\\/mlck.pl\\\/wp-content\\\/uploads\\\/2022\\\/06\\\/zegar-37-Edit-scaled.jpg&quot;},{&quot;id&quot;:26335,&quot;url&quot;:&quot;https:\\\/\\\/mlck.pl\\\/wp-content\\\/uploads\\\/2022\\\/06\\\/sq7127-scaled.jpg&quot;},{&quot;id&quot;:25963,&quot;url&quot;:&quot;https:\\\/\\\/mlck.pl\\\/wp-content\\\/uploads\\\/2022\\\/06\\\/CZERWOstajl-8-scaled.jpg&quot;},{&quot;id&quot;:26224,&quot;url&quot;:&quot;https:\\\/\\\/mlck.pl\\\/wp-content\\\/uploads\\\/2022\\\/06\\\/pic_1164-Edit-scaled.jpg&quot;},{&quot;id&quot;:26152,&quot;url&quot;:&quot;https:\\\/\\\/mlck.pl\\\/wp-content\\\/uploads\\\/2022\\\/06\\\/IMG_5841-2-scaled.jpg&quot;},{&quot;id&quot;:27562,&quot;url&quot;:&quot;https:\\\/\\\/mlck.pl\\\/wp-content\\\/uploads\\\/2023\\\/08\\\/AM22_75-Edit.jpg&quot;},{&quot;id&quot;:26199,&quot;url&quot;:&quot;https:\\\/\\\/mlck.pl\\\/wp-content\\\/uploads\\\/2022\\\/06\\\/photo_164-scaled.jpg&quot;},{&quot;id&quot;:26227,&quot;url&quot;:&quot;https:\\\/\\\/mlck.pl\\\/wp-content\\\/uploads\\\/2022\\\/06\\\/pic_1832-scaled.jpg&quot;},{&quot;id&quot;:25964,&quot;url&quot;:&quot;https:\\\/\\\/mlck.pl\\\/wp-content\\\/uploads\\\/2022\\\/06\\\/DJI_0400-Edit-2-scaled.jpg&quot;}],&quot;background_slideshow_lazyload&quot;:&quot;yes&quot;,&quot;background_slideshow_slide_duration&quot;:3500,&quot;background_slideshow_loop&quot;:&quot;yes&quot;,&quot;background_slideshow_slide_transition&quot;:&quot;fade&quot;,&quot;background_slideshow_transition_duration&quot;:500}\">\n\t\t\t<div class=\"elementor-widget-wrap elementor-element-populated\">\n\t\t\t\t\t\t\t<\/div>\n\t\t<\/div>\n\t\t\t\t\t<\/div>\n\t\t<\/section>\n\t\t\t\t<section class=\"elementor-section elementor-top-section elementor-element elementor-element-9f84e33 elementor-section-full_width elementor-section-height-default elementor-section-height-default\" data-id=\"9f84e33\" data-element_type=\"section\" data-e-type=\"section\">\n\t\t\t\t\t\t<div class=\"elementor-container elementor-column-gap-default\">\n\t\t\t\t\t<div class=\"elementor-column elementor-col-33 elementor-top-column elementor-element elementor-element-209312c\" data-id=\"209312c\" data-element_type=\"column\" data-e-type=\"column\">\n\t\t\t<div class=\"elementor-widget-wrap elementor-element-populated\">\n\t\t\t\t\t\t<div class=\"elementor-element elementor-element-1e2358a elementor-view-default elementor-position-block-start elementor-mobile-position-block-start elementor-widget elementor-widget-icon-box\" data-id=\"1e2358a\" data-element_type=\"widget\" data-e-type=\"widget\" data-widget_type=\"icon-box.default\">\n\t\t\t\t<div class=\"elementor-widget-container\">\n\t\t\t\t\t\t\t<div class=\"elementor-icon-box-wrapper\">\n\n\t\t\t\t\t\t<div class=\"elementor-icon-box-icon\">\n\t\t\t\t<span  class=\"elementor-icon\">\n\t\t\t\t<i aria-hidden=\"true\" class=\"far fa-envelope\"><\/i>\t\t\t\t<\/span>\n\t\t\t<\/div>\n\t\t\t\n\t\t\t\t\t\t<div class=\"elementor-icon-box-content\">\n\n\t\t\t\t\t\t\t\t\t<h3 class=\"elementor-icon-box-title\">\n\t\t\t\t\t\t<span  >\n\t\t\t\t\t\t\tkontakt@mlck.pl\t\t\t\t\t\t<\/span>\n\t\t\t\t\t<\/h3>\n\t\t\t\t\n\t\t\t\t\n\t\t\t<\/div>\n\t\t\t\n\t\t<\/div>\n\t\t\t\t\t\t<\/div>\n\t\t\t\t<\/div>\n\t\t\t\t\t<\/div>\n\t\t<\/div>\n\t\t\t\t<div class=\"elementor-column elementor-col-33 elementor-top-column elementor-element elementor-element-0e1cff9\" data-id=\"0e1cff9\" data-element_type=\"column\" data-e-type=\"column\">\n\t\t\t<div class=\"elementor-widget-wrap elementor-element-populated\">\n\t\t\t\t\t\t<div class=\"elementor-element elementor-element-14959eb elementor-view-default elementor-position-block-start elementor-mobile-position-block-start elementor-widget elementor-widget-icon-box\" data-id=\"14959eb\" data-element_type=\"widget\" data-e-type=\"widget\" data-widget_type=\"icon-box.default\">\n\t\t\t\t<div class=\"elementor-widget-container\">\n\t\t\t\t\t\t\t<div class=\"elementor-icon-box-wrapper\">\n\n\t\t\t\t\t\t<div class=\"elementor-icon-box-icon\">\n\t\t\t\t<span  class=\"elementor-icon\">\n\t\t\t\t<i aria-hidden=\"true\" class=\"fas fa-phone-alt\"><\/i>\t\t\t\t<\/span>\n\t\t\t<\/div>\n\t\t\t\n\t\t\t\t\t\t<div class=\"elementor-icon-box-content\">\n\n\t\t\t\t\t\t\t\t\t<h3 class=\"elementor-icon-box-title\">\n\t\t\t\t\t\t<span  >\n\t\t\t\t\t\t\t+48 696 434 822\t\t\t\t\t\t<\/span>\n\t\t\t\t\t<\/h3>\n\t\t\t\t\n\t\t\t\t\n\t\t\t<\/div>\n\t\t\t\n\t\t<\/div>\n\t\t\t\t\t\t<\/div>\n\t\t\t\t<\/div>\n\t\t\t\t\t<\/div>\n\t\t<\/div>\n\t\t\t\t<div class=\"elementor-column elementor-col-33 elementor-top-column elementor-element elementor-element-2dbae1c\" data-id=\"2dbae1c\" data-element_type=\"column\" data-e-type=\"column\">\n\t\t\t<div class=\"elementor-widget-wrap elementor-element-populated\">\n\t\t\t\t\t\t<div class=\"elementor-element elementor-element-2d33973 elementor-view-default elementor-position-block-start elementor-mobile-position-block-start elementor-widget elementor-widget-icon-box\" data-id=\"2d33973\" data-element_type=\"widget\" data-e-type=\"widget\" data-widget_type=\"icon-box.default\">\n\t\t\t\t<div class=\"elementor-widget-container\">\n\t\t\t\t\t\t\t<div class=\"elementor-icon-box-wrapper\">\n\n\t\t\t\t\t\t<div class=\"elementor-icon-box-icon\">\n\t\t\t\t<span  class=\"elementor-icon\">\n\t\t\t\t<i aria-hidden=\"true\" class=\"fab fa-instagram\"><\/i>\t\t\t\t<\/span>\n\t\t\t<\/div>\n\t\t\t\n\t\t\t\t\t\t<div class=\"elementor-icon-box-content\">\n\n\t\t\t\t\t\t\t\t\t<h3 class=\"elementor-icon-box-title\">\n\t\t\t\t\t\t<span  >\n\t\t\t\t\t\t\tMLCK.PL\t\t\t\t\t\t<\/span>\n\t\t\t\t\t<\/h3>\n\t\t\t\t\n\t\t\t\t\n\t\t\t<\/div>\n\t\t\t\n\t\t<\/div>\n\t\t\t\t\t\t<\/div>\n\t\t\t\t<\/div>\n\t\t\t\t\t<\/div>\n\t\t<\/div>\n\t\t\t\t\t<\/div>\n\t\t<\/section>\n\t\t\t\t<\/div>","protected":false},"excerpt":{"rendered":"<p>KONTAKT formularz kontaktovy Imi\u0119 i nazwiskoEmailWiadomo\u015b\u0107WY\u015aLIJ kontakt@mlck.pl +48 696 434 822 MLCK.PL<\/p>","protected":false},"author":1,"featured_media":0,"parent":0,"menu_order":0,"comment_status":"closed","ping_status":"closed","template":"","meta":{"site-sidebar-layout":"no-sidebar","site-content-layout":"page-builder","ast-site-content-layout":"default","site-content-style":"default","site-sidebar-style":"default","ast-global-header-display":"","ast-banner-title-visibility":"","ast-main-header-display":"","ast-hfb-above-header-display":"","ast-hfb-below-header-display":"","ast-hfb-mobile-header-display":"","site-post-title":"disabled","ast-breadcrumbs-content":"","ast-featured-img":"disabled","footer-sml-layout":"","ast-disable-related-posts":"","theme-transparent-header-meta":"enabled","adv-header-id-meta":"","stick-header-meta":"","header-above-stick-meta":"","header-main-stick-meta":"","header-below-stick-meta":"","astra-migrate-meta-layouts":"default","ast-page-background-enabled":"default","ast-page-background-meta":{"desktop":{"background-color":"","background-image":"","background-repeat":"repeat","background-position":"center center","background-size":"auto","background-attachment":"scroll","background-type":"","background-media":"","overlay-type":"","overlay-color":"","overlay-opacity":"","overlay-gradient":""},"tablet":{"background-color":"","background-image":"","background-repeat":"repeat","background-position":"center center","background-size":"auto","background-attachment":"scroll","background-type":"","background-media":"","overlay-type":"","overlay-color":"","overlay-opacity":"","overlay-gradient":""},"mobile":{"background-color":"","background-image":"","background-repeat":"repeat","background-position":"center center","background-size":"auto","background-attachment":"scroll","background-type":"","background-media":"","overlay-type":"","overlay-color":"","overlay-opacity":"","overlay-gradient":""}},"ast-content-background-meta":{"desktop":{"background-color":"var(--ast-global-color-5)","background-image":"","background-repeat":"repeat","background-position":"center center","background-size":"auto","background-attachment":"scroll","background-type":"","background-media":"","overlay-type":"","overlay-color":"","overlay-opacity":"","overlay-gradient":""},"tablet":{"background-color":"var(--ast-global-color-5)","background-image":"","background-repeat":"repeat","background-position":"center center","background-size":"auto","background-attachment":"scroll","background-type":"","background-media":"","overlay-type":"","overlay-color":"","overlay-opacity":"","overlay-gradient":""},"mobile":{"background-color":"var(--ast-global-color-5)","background-image":"","background-repeat":"repeat","background-position":"center center","background-size":"auto","background-attachment":"scroll","background-type":"","background-media":"","overlay-type":"","overlay-color":"","overlay-opacity":"","overlay-gradient":""}},"footnotes":""},"class_list":["post-401","page","type-page","status-publish","hentry"],"yoast_head":"<!-- This site is optimized with the Yoast SEO plugin v27.4 - https:\/\/yoast.com\/product\/yoast-seo-wordpress\/ -->\n<title>KONTAKT - MLCK<\/title>\n<meta name=\"description\" content=\"Kontakt MLCK\" \/>\n<meta name=\"robots\" content=\"index, follow, max-snippet:-1, max-image-preview:large, max-video-preview:-1\" \/>\n<link rel=\"canonical\" href=\"https:\/\/mlck.pl\/en\/kontakt\/\" \/>\n<meta property=\"og:locale\" content=\"en_US\" \/>\n<meta property=\"og:type\" content=\"article\" \/>\n<meta property=\"og:title\" content=\"KONTAKT - MLCK\" \/>\n<meta property=\"og:description\" content=\"Kontakt MLCK\" \/>\n<meta property=\"og:url\" content=\"https:\/\/mlck.pl\/en\/kontakt\/\" \/>\n<meta property=\"og:site_name\" content=\"MLCK\" \/>\n<meta property=\"article:publisher\" content=\"https:\/\/www.facebook.com\/mlck.studio\" \/>\n<meta property=\"article:modified_time\" content=\"2023-09-19T11:57:15+00:00\" \/>\n<meta name=\"twitter:card\" content=\"summary_large_image\" \/>\n<meta name=\"twitter:label1\" content=\"Est. reading time\" \/>\n\t<meta name=\"twitter:data1\" content=\"1 minute\" \/>\n<script type=\"application\/ld+json\" class=\"yoast-schema-graph\">{\"@context\":\"https:\\\/\\\/schema.org\",\"@graph\":[{\"@type\":\"WebPage\",\"@id\":\"https:\\\/\\\/mlck.pl\\\/kontakt\\\/\",\"url\":\"https:\\\/\\\/mlck.pl\\\/kontakt\\\/\",\"name\":\"KONTAKT - MLCK\",\"isPartOf\":{\"@id\":\"https:\\\/\\\/mlck.pl\\\/#website\"},\"datePublished\":\"2022-05-20T22:00:23+00:00\",\"dateModified\":\"2023-09-19T11:57:15+00:00\",\"description\":\"Kontakt MLCK\",\"breadcrumb\":{\"@id\":\"https:\\\/\\\/mlck.pl\\\/kontakt\\\/#breadcrumb\"},\"inLanguage\":\"en-US\",\"potentialAction\":[{\"@type\":\"ReadAction\",\"target\":[\"https:\\\/\\\/mlck.pl\\\/kontakt\\\/\"]}]},{\"@type\":\"BreadcrumbList\",\"@id\":\"https:\\\/\\\/mlck.pl\\\/kontakt\\\/#breadcrumb\",\"itemListElement\":[{\"@type\":\"ListItem\",\"position\":1,\"name\":\"Strona g\u0142\u00f3wna\",\"item\":\"https:\\\/\\\/mlck.pl\\\/\"},{\"@type\":\"ListItem\",\"position\":2,\"name\":\"KONTAKT\"}]},{\"@type\":\"WebSite\",\"@id\":\"https:\\\/\\\/mlck.pl\\\/#website\",\"url\":\"https:\\\/\\\/mlck.pl\\\/\",\"name\":\"MLCK\",\"description\":\"Fotografia produktowa, reklamowa i motoryzacyjna\",\"publisher\":{\"@id\":\"https:\\\/\\\/mlck.pl\\\/#\\\/schema\\\/person\\\/63cf278a7bde4bc9bb87dd0ff9f7b9c3\"},\"potentialAction\":[{\"@type\":\"SearchAction\",\"target\":{\"@type\":\"EntryPoint\",\"urlTemplate\":\"https:\\\/\\\/mlck.pl\\\/?s={search_term_string}\"},\"query-input\":{\"@type\":\"PropertyValueSpecification\",\"valueRequired\":true,\"valueName\":\"search_term_string\"}}],\"inLanguage\":\"en-US\"},{\"@type\":[\"Person\",\"Organization\"],\"@id\":\"https:\\\/\\\/mlck.pl\\\/#\\\/schema\\\/person\\\/63cf278a7bde4bc9bb87dd0ff9f7b9c3\",\"name\":\"mlck\",\"image\":{\"@type\":\"ImageObject\",\"inLanguage\":\"en-US\",\"@id\":\"https:\\\/\\\/mlck.pl\\\/wp-content\\\/uploads\\\/2022\\\/06\\\/IMG_6145-3-scaled.jpg\",\"url\":\"https:\\\/\\\/mlck.pl\\\/wp-content\\\/uploads\\\/2022\\\/06\\\/IMG_6145-3-scaled.jpg\",\"contentUrl\":\"https:\\\/\\\/mlck.pl\\\/wp-content\\\/uploads\\\/2022\\\/06\\\/IMG_6145-3-scaled.jpg\",\"width\":2560,\"height\":2560,\"caption\":\"mlck\"},\"logo\":{\"@id\":\"https:\\\/\\\/mlck.pl\\\/wp-content\\\/uploads\\\/2022\\\/06\\\/IMG_6145-3-scaled.jpg\"},\"sameAs\":[\"https:\\\/\\\/mlck.pl\",\"https:\\\/\\\/www.facebook.com\\\/mlck.studio\",\"https:\\\/\\\/www.instagram.com\\\/mlck.pl\"]}]}<\/script>\n<!-- \/ Yoast SEO plugin. -->","yoast_head_json":{"title":"KONTAKT - MLCK","description":"Kontakt MLCK","robots":{"index":"index","follow":"follow","max-snippet":"max-snippet:-1","max-image-preview":"max-image-preview:large","max-video-preview":"max-video-preview:-1"},"canonical":"https:\/\/mlck.pl\/en\/kontakt\/","og_locale":"en_US","og_type":"article","og_title":"KONTAKT - MLCK","og_description":"Kontakt MLCK","og_url":"https:\/\/mlck.pl\/en\/kontakt\/","og_site_name":"MLCK","article_publisher":"https:\/\/www.facebook.com\/mlck.studio","article_modified_time":"2023-09-19T11:57:15+00:00","twitter_card":"summary_large_image","twitter_misc":{"Est. reading time":"1 minute"},"schema":{"@context":"https:\/\/schema.org","@graph":[{"@type":"WebPage","@id":"https:\/\/mlck.pl\/kontakt\/","url":"https:\/\/mlck.pl\/kontakt\/","name":"KONTAKT - MLCK","isPartOf":{"@id":"https:\/\/mlck.pl\/#website"},"datePublished":"2022-05-20T22:00:23+00:00","dateModified":"2023-09-19T11:57:15+00:00","description":"Kontakt MLCK","breadcrumb":{"@id":"https:\/\/mlck.pl\/kontakt\/#breadcrumb"},"inLanguage":"en-US","potentialAction":[{"@type":"ReadAction","target":["https:\/\/mlck.pl\/kontakt\/"]}]},{"@type":"BreadcrumbList","@id":"https:\/\/mlck.pl\/kontakt\/#breadcrumb","itemListElement":[{"@type":"ListItem","position":1,"name":"Strona g\u0142\u00f3wna","item":"https:\/\/mlck.pl\/"},{"@type":"ListItem","position":2,"name":"KONTAKT"}]},{"@type":"WebSite","@id":"https:\/\/mlck.pl\/#website","url":"https:\/\/mlck.pl\/","name":"MLCK","description":"Fotografia produktowa, reklamowa i motoryzacyjna","publisher":{"@id":"https:\/\/mlck.pl\/#\/schema\/person\/63cf278a7bde4bc9bb87dd0ff9f7b9c3"},"potentialAction":[{"@type":"SearchAction","target":{"@type":"EntryPoint","urlTemplate":"https:\/\/mlck.pl\/?s={search_term_string}"},"query-input":{"@type":"PropertyValueSpecification","valueRequired":true,"valueName":"search_term_string"}}],"inLanguage":"en-US"},{"@type":["Person","Organization"],"@id":"https:\/\/mlck.pl\/#\/schema\/person\/63cf278a7bde4bc9bb87dd0ff9f7b9c3","name":"mlck","image":{"@type":"ImageObject","inLanguage":"en-US","@id":"https:\/\/mlck.pl\/wp-content\/uploads\/2022\/06\/IMG_6145-3-scaled.jpg","url":"https:\/\/mlck.pl\/wp-content\/uploads\/2022\/06\/IMG_6145-3-scaled.jpg","contentUrl":"https:\/\/mlck.pl\/wp-content\/uploads\/2022\/06\/IMG_6145-3-scaled.jpg","width":2560,"height":2560,"caption":"mlck"},"logo":{"@id":"https:\/\/mlck.pl\/wp-content\/uploads\/2022\/06\/IMG_6145-3-scaled.jpg"},"sameAs":["https:\/\/mlck.pl","https:\/\/www.facebook.com\/mlck.studio","https:\/\/www.instagram.com\/mlck.pl"]}]}},"_links":{"self":[{"href":"https:\/\/mlck.pl\/en\/wp-json\/wp\/v2\/pages\/401","targetHints":{"allow":["GET"]}}],"collection":[{"href":"https:\/\/mlck.pl\/en\/wp-json\/wp\/v2\/pages"}],"about":[{"href":"https:\/\/mlck.pl\/en\/wp-json\/wp\/v2\/types\/page"}],"author":[{"embeddable":true,"href":"https:\/\/mlck.pl\/en\/wp-json\/wp\/v2\/users\/1"}],"replies":[{"embeddable":true,"href":"https:\/\/mlck.pl\/en\/wp-json\/wp\/v2\/comments?post=401"}],"version-history":[{"count":114,"href":"https:\/\/mlck.pl\/en\/wp-json\/wp\/v2\/pages\/401\/revisions"}],"predecessor-version":[{"id":28854,"href":"https:\/\/mlck.pl\/en\/wp-json\/wp\/v2\/pages\/401\/revisions\/28854"}],"wp:attachment":[{"href":"https:\/\/mlck.pl\/en\/wp-json\/wp\/v2\/media?parent=401"}],"curies":[{"name":"wp","href":"https:\/\/api.w.org\/{rel}","templated":true}]}}